{"id":5392,"date":"2026-01-20T17:22:26","date_gmt":"2026-01-20T20:22:26","guid":{"rendered":"https:\/\/be-enlighten.com\/?page_id=5392"},"modified":"2026-02-02T18:08:48","modified_gmt":"2026-02-02T21:08:48","slug":"politica-de-privacidade","status":"publish","type":"page","link":"https:\/\/be-enlighten.com\/en\/politica-de-privacidade\/","title":{"rendered":"Privacy Policy"},"content":{"rendered":"\t\t<div data-elementor-type=\"wp-page\" data-elementor-id=\"5392\" class=\"elementor elementor-5392\" data-elementor-post-type=\"page\">\n\t\t\t\t<div class=\"elementor-element elementor-element-e1f4208 e-con-full e-flex e-con e-parent\" data-id=\"e1f4208\" data-element_type=\"container\" data-e-type=\"container\" data-settings=\"{&quot;background_background&quot;:&quot;classic&quot;,&quot;background_motion_fx_motion_fx_scrolling&quot;:&quot;yes&quot;,&quot;background_motion_fx_translateY_effect&quot;:&quot;yes&quot;,&quot;background_motion_fx_translateY_speed&quot;:{&quot;unit&quot;:&quot;px&quot;,&quot;size&quot;:4,&quot;sizes&quot;:[]},&quot;background_motion_fx_translateY_affectedRange&quot;:{&quot;unit&quot;:&quot;%&quot;,&quot;size&quot;:&quot;&quot;,&quot;sizes&quot;:{&quot;start&quot;:0,&quot;end&quot;:100}},&quot;background_motion_fx_devices&quot;:[&quot;desktop&quot;,&quot;tablet&quot;,&quot;mobile&quot;]}\">\n\t\t<div class=\"elementor-element elementor-element-09df37b e-flex e-con-boxed e-con e-child\" data-id=\"09df37b\" data-element_type=\"container\" data-e-type=\"container\" data-settings=\"{&quot;background_background&quot;:&quot;classic&quot;}\">\n\t\t\t\t\t<div class=\"e-con-inner\">\n\t\t<div class=\"elementor-element elementor-element-c8f7a8c e-con-full e-flex e-con e-child\" data-id=\"c8f7a8c\" data-element_type=\"container\" data-e-type=\"container\" data-settings=\"{&quot;background_background&quot;:&quot;classic&quot;}\">\n\t\t\t\t<div class=\"elementor-element elementor-element-ff548c8 elementor-widget__width-initial elementor-widget elementor-widget-heading\" data-id=\"ff548c8\" data-element_type=\"widget\" data-e-type=\"widget\" data-widget_type=\"heading.default\">\n\t\t\t\t\t<h1 class=\"elementor-heading-title elementor-size-default\">Compromisso com a Privacidade dos Dados<\/h1>\t\t\t\t<\/div>\n\t\t\t\t<\/div>\n\t\t\t\t\t<\/div>\n\t\t\t\t<\/div>\n\t\t\t\t<\/div>\n\t\t<div class=\"elementor-element elementor-element-a8f33f3 e-flex e-con-boxed e-con e-parent\" data-id=\"a8f33f3\" data-element_type=\"container\" data-e-type=\"container\" data-settings=\"{&quot;background_background&quot;:&quot;classic&quot;}\">\n\t\t\t\t\t<div class=\"e-con-inner\">\n\t\t<div class=\"elementor-element elementor-element-64646d4 e-con-full e-flex e-con e-child\" data-id=\"64646d4\" data-element_type=\"container\" data-e-type=\"container\">\n\t\t\t\t<div class=\"elementor-element elementor-element-c51d028 elementor-widget__width-inherit elementor-widget elementor-widget-text-editor\" data-id=\"c51d028\" data-element_type=\"widget\" data-e-type=\"widget\" data-widget_type=\"text-editor.default\">\n\t\t\t\t\t\t\t\t\t<p data-start=\"161\" data-end=\"307\">Antes de ler nossa pol\u00edtica de privacidade, afirmamos nosso compromisso com a privacidade dos seus dados com base em cinco premissas fundamentais:<\/p><p data-start=\"309\" data-end=\"1024\"><strong data-start=\"309\" data-end=\"322\">Controle:<\/strong> Voc\u00ea ter\u00e1 controle total sobre sua privacidade a qualquer momento. Basta fazer uma requisi\u00e7\u00e3o, que ser\u00e1 atendida em at\u00e9 5 dias \u00fateis.<br data-start=\"456\" data-end=\"459\" \/><strong data-start=\"459\" data-end=\"477\">Transpar\u00eancia:<\/strong> Somos transparentes sobre a coleta e o uso de dados, permitindo que voc\u00ea tome decis\u00f5es bem informadas.<br data-start=\"580\" data-end=\"583\" \/><strong data-start=\"583\" data-end=\"597\">Seguran\u00e7a:<\/strong> Seus dados s\u00e3o protegidos por mecanismos criptogr\u00e1ficos de excel\u00eancia e seguran\u00e7a rigorosa.<br data-start=\"689\" data-end=\"692\" \/><strong data-start=\"692\" data-end=\"720\">Prote\u00e7\u00f5es Legais Fortes:<\/strong> Respeitamos as legisla\u00e7\u00f5es dos pa\u00edses onde atuamos e os acordos internacionais de prote\u00e7\u00e3o de dados de indiv\u00edduos e empresas.<br data-start=\"846\" data-end=\"849\" \/><strong data-start=\"849\" data-end=\"895\">Nenhum Direcionamento Baseado em Conte\u00fado:<\/strong> Voc\u00ea n\u00e3o receber\u00e1 e-mails, mensagens de texto ou qualquer outro conte\u00fado n\u00e3o solicitado atrav\u00e9s de nossos canais de atendimento.<\/p>\t\t\t\t\t\t\t\t<\/div>\n\t\t\t\t<div class=\"elementor-element elementor-element-5fd58c0 elementor-widget elementor-widget-heading\" data-id=\"5fd58c0\" data-element_type=\"widget\" data-e-type=\"widget\" data-widget_type=\"heading.default\">\n\t\t\t\t\t<h2 class=\"elementor-heading-title elementor-size-default\">RESUMO<\/h2>\t\t\t\t<\/div>\n\t\t\t\t<div class=\"elementor-element elementor-element-622a797 elementor-widget__width-inherit elementor-widget elementor-widget-text-editor\" data-id=\"622a797\" data-element_type=\"widget\" data-e-type=\"widget\" data-widget_type=\"text-editor.default\">\n\t\t\t\t\t\t\t\t\t<ul data-start=\"1038\" data-end=\"1286\"><li data-start=\"1038\" data-end=\"1119\"><p data-start=\"1040\" data-end=\"1119\"><strong data-start=\"1040\" data-end=\"1065\">Agente de Tratamento:<\/strong> The Enlighten Company S\/A \u2013 CNPJ 28.386.215\/0001-01<\/p><\/li><li data-start=\"1120\" data-end=\"1179\"><p data-start=\"1122\" data-end=\"1179\"><strong data-start=\"1122\" data-end=\"1146\">Papel no Tratamento:<\/strong> Predominantemente Controladora<\/p><\/li><li data-start=\"1180\" data-end=\"1286\"><p data-start=\"1182\" data-end=\"1286\"><strong data-start=\"1182\" data-end=\"1214\">Natureza dos Dados Tratados:<\/strong> Dados pessoais fornecidos pelo Titular e\/ou coletados automaticamente<\/p><\/li><\/ul><p data-start=\"1288\" data-end=\"1506\">As principais finalidades do tratamento de dados pessoais incluem entrar em contato, responder ou manter comunica\u00e7\u00e3o antes, durante ou ap\u00f3s uma rela\u00e7\u00e3o contratual com o Titular, bem como cumprir obriga\u00e7\u00f5es contratuais.<\/p><p data-start=\"1508\" data-end=\"1876\">As bases legais utilizadas s\u00e3o a execu\u00e7\u00e3o de contrato e o cumprimento de obriga\u00e7\u00e3o legal ou regulat\u00f3ria. Os dados poder\u00e3o ser compartilhados com operadores e fornecedores de servi\u00e7os essenciais, bem como com autoridades e \u00f3rg\u00e3os governamentais quando exigido por lei. Adotamos medidas de seguran\u00e7a t\u00e9cnicas e administrativas adequadas para prote\u00e7\u00e3o dos dados pessoais.<\/p><p data-start=\"1878\" data-end=\"2010\">O Titular possui direitos como confirma\u00e7\u00e3o da exist\u00eancia de tratamento, acesso, corre\u00e7\u00e3o e outros previstos na legisla\u00e7\u00e3o aplic\u00e1vel.<\/p>\t\t\t\t\t\t\t\t<\/div>\n\t\t\t\t<div class=\"elementor-element elementor-element-6be6414 elementor-widget elementor-widget-heading\" data-id=\"6be6414\" data-element_type=\"widget\" data-e-type=\"widget\" data-widget_type=\"heading.default\">\n\t\t\t\t\t<h2 class=\"elementor-heading-title elementor-size-default\">Nossa Pol\u00edtica de Privacidade<\/h2>\t\t\t\t<\/div>\n\t\t\t\t<div class=\"elementor-element elementor-element-345cd13 elementor-widget__width-inherit elementor-widget elementor-widget-text-editor\" data-id=\"345cd13\" data-element_type=\"widget\" data-e-type=\"widget\" data-widget_type=\"text-editor.default\">\n\t\t\t\t\t\t\t\t\t<p data-start=\"2047\" data-end=\"2178\">Sua privacidade \u00e9 essencial para n\u00f3s. Esta pol\u00edtica explica como a Enlighten processa seus dados pessoais e para quais finalidades.<\/p><p data-start=\"2180\" data-end=\"2470\"><strong data-start=\"2180\" data-end=\"2199\">Dados Pessoais:<\/strong> Coletamos dados diretamente de voc\u00ea e automaticamente durante suas intera\u00e7\u00f5es conosco e com nossos produtos e servi\u00e7os. O tipo de dado coletado depende das suas intera\u00e7\u00f5es e das op\u00e7\u00f5es de privacidade escolhidas. Tamb\u00e9m podemos obter dados de terceiros, quando aplic\u00e1vel.<\/p><p data-start=\"2472\" data-end=\"2723\"><strong data-start=\"2472\" data-end=\"2506\">Utiliza\u00e7\u00e3o dos Dados Pessoais:<\/strong> Usamos seus dados para fornecer e melhorar nossos produtos e servi\u00e7os, personalizar sua experi\u00eancia, oferecer suporte e realizar a\u00e7\u00f5es de marketing, por meio de processos autom\u00e1ticos e manuais de tratamento de dados.<\/p><p data-start=\"2725\" data-end=\"2947\"><strong data-start=\"2725\" data-end=\"2764\">Compartilhamento de Dados Pessoais:<\/strong> Compartilhamos seus dados com seu consentimento, para concluir transa\u00e7\u00f5es ou fornecer produtos solicitados, bem como quando necess\u00e1rio para cumprir obriga\u00e7\u00f5es legais ou regulat\u00f3rias.<\/p><p data-start=\"2949\" data-end=\"3182\"><strong data-start=\"2949\" data-end=\"2985\">Controle de seus Dados Pessoais:<\/strong> Voc\u00ea pode acessar, corrigir e excluir seus dados pessoais, al\u00e9m de exercer outros direitos previstos na legisla\u00e7\u00e3o de prote\u00e7\u00e3o de dados, entrando em contato conosco pelo e-mail ou pelo nosso site.<\/p><p data-start=\"3184\" data-end=\"3401\"><strong data-start=\"3184\" data-end=\"3222\">Cookies e Tecnologias Semelhantes:<\/strong> Utilizamos cookies e tecnologias semelhantes para armazenar prefer\u00eancias, fornecer publicidade baseada em interesses, prevenir fraudes e analisar o desempenho de nossos produtos.<\/p><p data-start=\"3403\" data-end=\"3579\"><strong data-start=\"3403\" data-end=\"3429\">Produtos Empresariais:<\/strong> Caso utilize produtos da Enlighten por meio de uma organiza\u00e7\u00e3o, esta poder\u00e1 controlar e administrar seu acesso, bem como o tratamento dos seus dados.<\/p><p data-start=\"3581\" data-end=\"3778\"><strong data-start=\"3581\" data-end=\"3605\">Seguran\u00e7a dos Dados:<\/strong> Adotamos medidas t\u00e9cnicas e institucionais adequadas para proteger seus dados pessoais, embora n\u00e3o seja poss\u00edvel garantir seguran\u00e7a absoluta contra acessos n\u00e3o autorizados.<\/p><p data-start=\"3780\" data-end=\"3990\"><strong data-start=\"3780\" data-end=\"3805\">Elimina\u00e7\u00e3o dos Dados:<\/strong> Seus dados pessoais ser\u00e3o eliminados quando n\u00e3o forem mais necess\u00e1rios para as finalidades para as quais foram coletados, salvo quando sua manuten\u00e7\u00e3o for exigida ou autorizada por lei.<\/p><p data-start=\"3992\" data-end=\"4124\"><strong data-start=\"3992\" data-end=\"4003\">Normas:<\/strong> Observamos os princ\u00edpios de prote\u00e7\u00e3o \u00e0 privacidade previstos nas legisla\u00e7\u00f5es da Uni\u00e3o Europeia, Estados Unidos e Brasil.<\/p><p data-start=\"4126\" data-end=\"4274\"><strong data-start=\"4126\" data-end=\"4143\">Fale Conosco:<\/strong> Para d\u00favidas ou solicita\u00e7\u00f5es relacionadas \u00e0 privacidade, entre em contato conosco por meio do formul\u00e1rio dispon\u00edvel em nosso site.<\/p>\t\t\t\t\t\t\t\t<\/div>\n\t\t\t\t<div class=\"elementor-element elementor-element-3d69e5d elementor-widget elementor-widget-heading\" data-id=\"3d69e5d\" data-element_type=\"widget\" data-e-type=\"widget\" data-widget_type=\"heading.default\">\n\t\t\t\t\t<h3 class=\"elementor-heading-title elementor-size-default\">The Enlighten Company<br>\nFelipe Rodriguez Alvarez \u2013 CEO<\/h3>\t\t\t\t<\/div>\n\t\t\t\t<\/div>\n\t\t\t\t\t<\/div>\n\t\t\t\t<\/div>\n\t\t\t\t<\/div>\n\t\t","protected":false},"excerpt":{"rendered":"<p>Compromisso com a Privacidade dos Dados Antes de ler nossa pol\u00edtica de privacidade, afirmamos nosso compromisso com a privacidade dos seus dados com base em cinco premissas fundamentais: Controle: Voc\u00ea ter\u00e1 controle total sobre sua privacidade a qualquer momento. Basta fazer uma requisi\u00e7\u00e3o, que ser\u00e1 atendida em at\u00e9 5 dias \u00fateis.Transpar\u00eancia: Somos transparentes sobre a [&hellip;]<\/p>\n","protected":false},"author":7,"featured_media":0,"parent":0,"menu_order":0,"comment_status":"closed","ping_status":"closed","template":"elementor_header_footer","meta":{"content-type":"","footnotes":""},"class_list":["post-5392","page","type-page","status-publish","hentry"],"yoast_head":"<!-- This site is optimized with the Yoast SEO plugin v27.1.1 - https:\/\/yoast.com\/product\/yoast-seo-wordpress\/ -->\n<title>Pol\u00edtica de Privacidade - Enlighten<\/title>\n<meta name=\"robots\" content=\"index, follow, max-snippet:-1, max-image-preview:large, max-video-preview:-1\" \/>\n<link rel=\"canonical\" href=\"https:\/\/be-enlighten.com\/en\/politica-de-privacidade\/\" \/>\n<meta property=\"og:locale\" content=\"en_US\" \/>\n<meta property=\"og:type\" content=\"article\" \/>\n<meta property=\"og:title\" content=\"Pol\u00edtica de Privacidade - Enlighten\" \/>\n<meta property=\"og:description\" content=\"Compromisso com a Privacidade dos Dados Antes de ler nossa pol\u00edtica de privacidade, afirmamos nosso compromisso com a privacidade dos seus dados com base em cinco premissas fundamentais: Controle: Voc\u00ea ter\u00e1 controle total sobre sua privacidade a qualquer momento. Basta fazer uma requisi\u00e7\u00e3o, que ser\u00e1 atendida em at\u00e9 5 dias \u00fateis.Transpar\u00eancia: Somos transparentes sobre a [&hellip;]\" \/>\n<meta property=\"og:url\" content=\"https:\/\/be-enlighten.com\/en\/politica-de-privacidade\/\" \/>\n<meta property=\"og:site_name\" content=\"Enlighten\" \/>\n<meta property=\"article:modified_time\" content=\"2026-02-02T21:08:48+00:00\" \/>\n<meta name=\"twitter:card\" content=\"summary_large_image\" \/>\n<meta name=\"twitter:label1\" content=\"Est. reading time\" \/>\n\t<meta name=\"twitter:data1\" content=\"3 minutes\" \/>\n<script type=\"application\/ld+json\" class=\"yoast-schema-graph\">{\"@context\":\"https:\/\/schema.org\",\"@graph\":[{\"@type\":\"WebPage\",\"@id\":\"https:\/\/be-enlighten.com\/politica-de-privacidade\/\",\"url\":\"https:\/\/be-enlighten.com\/politica-de-privacidade\/\",\"name\":\"Pol\u00edtica de Privacidade - Enlighten\",\"isPartOf\":{\"@id\":\"https:\/\/be-enlighten.com\/#website\"},\"datePublished\":\"2026-01-20T20:22:26+00:00\",\"dateModified\":\"2026-02-02T21:08:48+00:00\",\"breadcrumb\":{\"@id\":\"https:\/\/be-enlighten.com\/politica-de-privacidade\/#breadcrumb\"},\"inLanguage\":\"en-US\",\"potentialAction\":[{\"@type\":\"ReadAction\",\"target\":[\"https:\/\/be-enlighten.com\/politica-de-privacidade\/\"]}]},{\"@type\":\"BreadcrumbList\",\"@id\":\"https:\/\/be-enlighten.com\/politica-de-privacidade\/#breadcrumb\",\"itemListElement\":[{\"@type\":\"ListItem\",\"position\":1,\"name\":\"Home\",\"item\":\"https:\/\/be-enlighten.com\/\"},{\"@type\":\"ListItem\",\"position\":2,\"name\":\"Pol\u00edtica de Privacidade\"}]},{\"@type\":\"WebSite\",\"@id\":\"https:\/\/be-enlighten.com\/#website\",\"url\":\"https:\/\/be-enlighten.com\/\",\"name\":\"Enlighten\",\"description\":\"\",\"publisher\":{\"@id\":\"https:\/\/be-enlighten.com\/#organization\"},\"potentialAction\":[{\"@type\":\"SearchAction\",\"target\":{\"@type\":\"EntryPoint\",\"urlTemplate\":\"https:\/\/be-enlighten.com\/?s={search_term_string}\"},\"query-input\":{\"@type\":\"PropertyValueSpecification\",\"valueRequired\":true,\"valueName\":\"search_term_string\"}}],\"inLanguage\":\"en-US\"},{\"@type\":\"Organization\",\"@id\":\"https:\/\/be-enlighten.com\/#organization\",\"name\":\"Enlighten\",\"url\":\"https:\/\/be-enlighten.com\/\",\"logo\":{\"@type\":\"ImageObject\",\"inLanguage\":\"en-US\",\"@id\":\"https:\/\/be-enlighten.com\/#\/schema\/logo\/image\/\",\"url\":\"https:\/\/be-enlighten.com\/wp-content\/uploads\/2026\/01\/logo-2-1.png\",\"contentUrl\":\"https:\/\/be-enlighten.com\/wp-content\/uploads\/2026\/01\/logo-2-1.png\",\"width\":382,\"height\":106,\"caption\":\"Enlighten\"},\"image\":{\"@id\":\"https:\/\/be-enlighten.com\/#\/schema\/logo\/image\/\"}}]}<\/script>\n<!-- \/ Yoast SEO plugin. -->","yoast_head_json":{"title":"Privacy Policy - Enlighten","robots":{"index":"index","follow":"follow","max-snippet":"max-snippet:-1","max-image-preview":"max-image-preview:large","max-video-preview":"max-video-preview:-1"},"canonical":"https:\/\/be-enlighten.com\/en\/politica-de-privacidade\/","og_locale":"en_US","og_type":"article","og_title":"Pol\u00edtica de Privacidade - Enlighten","og_description":"Compromisso com a Privacidade dos Dados Antes de ler nossa pol\u00edtica de privacidade, afirmamos nosso compromisso com a privacidade dos seus dados com base em cinco premissas fundamentais: Controle: Voc\u00ea ter\u00e1 controle total sobre sua privacidade a qualquer momento. Basta fazer uma requisi\u00e7\u00e3o, que ser\u00e1 atendida em at\u00e9 5 dias \u00fateis.Transpar\u00eancia: Somos transparentes sobre a [&hellip;]","og_url":"https:\/\/be-enlighten.com\/en\/politica-de-privacidade\/","og_site_name":"Enlighten","article_modified_time":"2026-02-02T21:08:48+00:00","twitter_card":"summary_large_image","twitter_misc":{"Est. reading time":"3 minutes"},"schema":{"@context":"https:\/\/schema.org","@graph":[{"@type":"WebPage","@id":"https:\/\/be-enlighten.com\/politica-de-privacidade\/","url":"https:\/\/be-enlighten.com\/politica-de-privacidade\/","name":"Privacy Policy - Enlighten","isPartOf":{"@id":"https:\/\/be-enlighten.com\/#website"},"datePublished":"2026-01-20T20:22:26+00:00","dateModified":"2026-02-02T21:08:48+00:00","breadcrumb":{"@id":"https:\/\/be-enlighten.com\/politica-de-privacidade\/#breadcrumb"},"inLanguage":"en-US","potentialAction":[{"@type":"ReadAction","target":["https:\/\/be-enlighten.com\/politica-de-privacidade\/"]}]},{"@type":"BreadcrumbList","@id":"https:\/\/be-enlighten.com\/politica-de-privacidade\/#breadcrumb","itemListElement":[{"@type":"ListItem","position":1,"name":"Home","item":"https:\/\/be-enlighten.com\/"},{"@type":"ListItem","position":2,"name":"Pol\u00edtica de Privacidade"}]},{"@type":"WebSite","@id":"https:\/\/be-enlighten.com\/#website","url":"https:\/\/be-enlighten.com\/","name":"Enlighten","description":"","publisher":{"@id":"https:\/\/be-enlighten.com\/#organization"},"potentialAction":[{"@type":"SearchAction","target":{"@type":"EntryPoint","urlTemplate":"https:\/\/be-enlighten.com\/?s={search_term_string}"},"query-input":{"@type":"PropertyValueSpecification","valueRequired":true,"valueName":"search_term_string"}}],"inLanguage":"en-US"},{"@type":"Organization","@id":"https:\/\/be-enlighten.com\/#organization","name":"Enlighten","url":"https:\/\/be-enlighten.com\/","logo":{"@type":"ImageObject","inLanguage":"en-US","@id":"https:\/\/be-enlighten.com\/#\/schema\/logo\/image\/","url":"https:\/\/be-enlighten.com\/wp-content\/uploads\/2026\/01\/logo-2-1.png","contentUrl":"https:\/\/be-enlighten.com\/wp-content\/uploads\/2026\/01\/logo-2-1.png","width":382,"height":106,"caption":"Enlighten"},"image":{"@id":"https:\/\/be-enlighten.com\/#\/schema\/logo\/image\/"}}]}},"_links":{"self":[{"href":"https:\/\/be-enlighten.com\/en\/wp-json\/wp\/v2\/pages\/5392","targetHints":{"allow":["GET"]}}],"collection":[{"href":"https:\/\/be-enlighten.com\/en\/wp-json\/wp\/v2\/pages"}],"about":[{"href":"https:\/\/be-enlighten.com\/en\/wp-json\/wp\/v2\/types\/page"}],"author":[{"embeddable":true,"href":"https:\/\/be-enlighten.com\/en\/wp-json\/wp\/v2\/users\/7"}],"replies":[{"embeddable":true,"href":"https:\/\/be-enlighten.com\/en\/wp-json\/wp\/v2\/comments?post=5392"}],"version-history":[{"count":73,"href":"https:\/\/be-enlighten.com\/en\/wp-json\/wp\/v2\/pages\/5392\/revisions"}],"predecessor-version":[{"id":7853,"href":"https:\/\/be-enlighten.com\/en\/wp-json\/wp\/v2\/pages\/5392\/revisions\/7853"}],"wp:attachment":[{"href":"https:\/\/be-enlighten.com\/en\/wp-json\/wp\/v2\/media?parent=5392"}],"curies":[{"name":"wp","href":"https:\/\/api.w.org\/{rel}","templated":true}]}}