{"id":5408,"date":"2026-01-20T17:27:25","date_gmt":"2026-01-20T20:27:25","guid":{"rendered":"https:\/\/be-enlighten.com\/?page_id=5408"},"modified":"2026-02-02T16:59:04","modified_gmt":"2026-02-02T19:59:04","slug":"termos-de-uso-2","status":"publish","type":"page","link":"https:\/\/be-enlighten.com\/en\/termos-de-uso-2\/","title":{"rendered":"Terms of use"},"content":{"rendered":"\t\t<div data-elementor-type=\"wp-page\" data-elementor-id=\"5408\" class=\"elementor elementor-5408\" data-elementor-post-type=\"page\">\n\t\t\t\t<div class=\"elementor-element elementor-element-491f7b5 e-con-full e-flex e-con e-parent\" data-id=\"491f7b5\" data-element_type=\"container\" data-e-type=\"container\" data-settings=\"{&quot;background_background&quot;:&quot;classic&quot;,&quot;background_motion_fx_motion_fx_scrolling&quot;:&quot;yes&quot;,&quot;background_motion_fx_translateY_effect&quot;:&quot;yes&quot;,&quot;background_motion_fx_translateY_speed&quot;:{&quot;unit&quot;:&quot;px&quot;,&quot;size&quot;:4,&quot;sizes&quot;:[]},&quot;background_motion_fx_translateY_affectedRange&quot;:{&quot;unit&quot;:&quot;%&quot;,&quot;size&quot;:&quot;&quot;,&quot;sizes&quot;:{&quot;start&quot;:0,&quot;end&quot;:100}},&quot;background_motion_fx_devices&quot;:[&quot;desktop&quot;,&quot;tablet&quot;,&quot;mobile&quot;]}\">\n\t\t<div class=\"elementor-element elementor-element-8010ed3 e-flex e-con-boxed e-con e-child\" data-id=\"8010ed3\" data-element_type=\"container\" data-e-type=\"container\" data-settings=\"{&quot;background_background&quot;:&quot;classic&quot;}\">\n\t\t\t\t\t<div class=\"e-con-inner\">\n\t\t<div class=\"elementor-element elementor-element-37c4e9f e-con-full e-flex e-con e-child\" data-id=\"37c4e9f\" data-element_type=\"container\" data-e-type=\"container\" data-settings=\"{&quot;background_background&quot;:&quot;classic&quot;}\">\n\t\t\t\t<div class=\"elementor-element elementor-element-cd3ae61 elementor-widget__width-initial elementor-widget elementor-widget-heading\" data-id=\"cd3ae61\" data-element_type=\"widget\" data-e-type=\"widget\" data-widget_type=\"heading.default\">\n\t\t\t\t\t<h1 class=\"elementor-heading-title elementor-size-default\">Termos de uso<\/h1>\t\t\t\t<\/div>\n\t\t\t\t<\/div>\n\t\t\t\t\t<\/div>\n\t\t\t\t<\/div>\n\t\t\t\t<\/div>\n\t\t<div class=\"elementor-element elementor-element-4f2aa96 e-flex e-con-boxed e-con e-parent\" data-id=\"4f2aa96\" data-element_type=\"container\" data-e-type=\"container\" data-settings=\"{&quot;background_background&quot;:&quot;classic&quot;}\">\n\t\t\t\t\t<div class=\"e-con-inner\">\n\t\t<div class=\"elementor-element elementor-element-71c469f e-con-full e-flex e-con e-child\" data-id=\"71c469f\" data-element_type=\"container\" data-e-type=\"container\">\n\t\t\t\t<div class=\"elementor-element elementor-element-9251443 elementor-widget__width-inherit elementor-widget elementor-widget-text-editor\" data-id=\"9251443\" data-element_type=\"widget\" data-e-type=\"widget\" data-widget_type=\"text-editor.default\">\n\t\t\t\t\t\t\t\t\t<p>Estes Termos de Uso regem o acesso e uso dos servi\u00e7os fornecidos pela Enlighten. Ao utilizar nossos servi\u00e7os, voc\u00ea concorda em cumprir e estar vinculado a estes termos. Se voc\u00ea n\u00e3o concordar com algum dos termos, n\u00e3o utilize nossos servi\u00e7os.<\/p><ol><li><b>Aceita\u00e7\u00e3o dos Termos <\/b>Ao acessar ou usar nossos servi\u00e7os, voc\u00ea concorda em seguir estes Termos de Uso, nossa Pol\u00edtica de Privacidade e quaisquer outras pol\u00edticas ou diretrizes aplic\u00e1veis que possam ser publicadas por n\u00f3s.\u2028<\/li><li><b>Descri\u00e7\u00e3o dos Servi\u00e7os:<\/b> A Enlighten oferece solu\u00e7\u00f5es tecnol\u00f3gicas para empresas, incluindo software e consultoria em tecnologia. Nossos servi\u00e7os s\u00e3o projetados para atender \u00e0s necessidades espec\u00edficas de nossos clientes, de acordo com os contratos e acordos estabelecidos.\u2028<\/li><li><b>Uso dos Servi\u00e7os: <\/b>Voc\u00ea concorda em utilizar nossos servi\u00e7os somente para fins legais e de acordo com todas as leis e regulamentos aplic\u00e1veis. \u00c9 proibido usar nossos servi\u00e7os de qualquer maneira que possa danificar, desativar, sobrecarregar ou prejudicar nossos sistemas ou redes.\u2028<\/li><li><b>Propriedade Intelectual:<\/b> Todos os direitos de propriedade intelectual relacionados aos nossos servi\u00e7os, incluindo software, marcas registradas e patentes, s\u00e3o de propriedade da Enlighten ou de nossos licenciadores. Voc\u00ea concorda em n\u00e3o reproduzir, modificar, distribuir ou criar trabalhos derivados com base em nossa propriedade intelectual sem a nossa permiss\u00e3o por escrito.\u2028<\/li><li>Respeitamos sua privacidade e protegemos suas informa\u00e7\u00f5es pessoais de acordo com nossa Pol\u00edtica de Privacidade. Voc\u00ea concorda em fornecer informa\u00e7\u00f5es precisas e atualizadas e a nos notificar sobre qualquer altera\u00e7\u00e3o.\u2028<\/li><li><b>Responsabilidade e Limita\u00e7\u00e3o:<\/b> A Enlighten n\u00e3o se responsabiliza por quaisquer danos indiretos, incidentais, especiais ou consequenciais resultantes do uso ou incapacidade de usar nossos servi\u00e7os. Nossa responsabilidade total, seja por contrato, ato il\u00edcito ou de outra forma, est\u00e1 limitada ao valor pago pelos servi\u00e7os prestados.\u2028<\/li><li><b>Modifica\u00e7\u00f5es dos Termos:<\/b> Podemos atualizar estes Termos de Uso periodicamente. Recomendamos que voc\u00ea revise esta p\u00e1gina regularmente para estar ciente de quaisquer altera\u00e7\u00f5es. Seu uso continuado dos nossos servi\u00e7os ap\u00f3s quaisquer modifica\u00e7\u00f5es constitui sua aceita\u00e7\u00e3o dos novos termos.\u2028<\/li><li><strong>Contato:<\/strong>\u00a0Para perguntas ou d\u00favidas sobre estes Termos de Uso, entre em contato conosco atrav\u00e9s do e-mail ou pelo telefone.<\/li><\/ol><p>\u00a0<\/p><p><strong>Data de vig\u00eancia:<\/strong><\/p><p>Estes Termos de Uso entram em vigor a partir da data de sua publica\u00e7\u00e3o e permanecem em vigor enquanto voc\u00ea utilizar nossos servi\u00e7os.<\/p>\t\t\t\t\t\t\t\t<\/div>\n\t\t\t\t<\/div>\n\t\t\t\t\t<\/div>\n\t\t\t\t<\/div>\n\t\t\t\t<\/div>\n\t\t","protected":false},"excerpt":{"rendered":"<p>Termos de uso Estes Termos de Uso regem o acesso e uso dos servi\u00e7os fornecidos pela Enlighten. Ao utilizar nossos servi\u00e7os, voc\u00ea concorda em cumprir e estar vinculado a estes termos. Se voc\u00ea n\u00e3o concordar com algum dos termos, n\u00e3o utilize nossos servi\u00e7os. Aceita\u00e7\u00e3o dos Termos Ao acessar ou usar nossos servi\u00e7os, voc\u00ea concorda em [&hellip;]<\/p>\n","protected":false},"author":7,"featured_media":0,"parent":0,"menu_order":0,"comment_status":"closed","ping_status":"closed","template":"elementor_header_footer","meta":{"content-type":"","footnotes":""},"class_list":["post-5408","page","type-page","status-publish","hentry"],"yoast_head":"<!-- This site is optimized with the Yoast SEO plugin v27.1.1 - https:\/\/yoast.com\/product\/yoast-seo-wordpress\/ -->\n<title>Termos de uso - Enlighten<\/title>\n<meta name=\"robots\" content=\"index, follow, max-snippet:-1, max-image-preview:large, max-video-preview:-1\" \/>\n<link rel=\"canonical\" href=\"https:\/\/be-enlighten.com\/en\/termos-de-uso-2\/\" \/>\n<meta property=\"og:locale\" content=\"en_US\" \/>\n<meta property=\"og:type\" content=\"article\" \/>\n<meta property=\"og:title\" content=\"Termos de uso - Enlighten\" \/>\n<meta property=\"og:description\" content=\"Termos de uso Estes Termos de Uso regem o acesso e uso dos servi\u00e7os fornecidos pela Enlighten. Ao utilizar nossos servi\u00e7os, voc\u00ea concorda em cumprir e estar vinculado a estes termos. Se voc\u00ea n\u00e3o concordar com algum dos termos, n\u00e3o utilize nossos servi\u00e7os. Aceita\u00e7\u00e3o dos Termos Ao acessar ou usar nossos servi\u00e7os, voc\u00ea concorda em [&hellip;]\" \/>\n<meta property=\"og:url\" content=\"https:\/\/be-enlighten.com\/en\/termos-de-uso-2\/\" \/>\n<meta property=\"og:site_name\" content=\"Enlighten\" \/>\n<meta property=\"article:modified_time\" content=\"2026-02-02T19:59:04+00:00\" \/>\n<meta name=\"twitter:card\" content=\"summary_large_image\" \/>\n<meta name=\"twitter:label1\" content=\"Est. reading time\" \/>\n\t<meta name=\"twitter:data1\" content=\"2 minutes\" \/>\n<script type=\"application\/ld+json\" class=\"yoast-schema-graph\">{\"@context\":\"https:\/\/schema.org\",\"@graph\":[{\"@type\":\"WebPage\",\"@id\":\"https:\/\/be-enlighten.com\/termos-de-uso-2\/\",\"url\":\"https:\/\/be-enlighten.com\/termos-de-uso-2\/\",\"name\":\"Termos de uso - Enlighten\",\"isPartOf\":{\"@id\":\"https:\/\/be-enlighten.com\/#website\"},\"datePublished\":\"2026-01-20T20:27:25+00:00\",\"dateModified\":\"2026-02-02T19:59:04+00:00\",\"breadcrumb\":{\"@id\":\"https:\/\/be-enlighten.com\/termos-de-uso-2\/#breadcrumb\"},\"inLanguage\":\"en-US\",\"potentialAction\":[{\"@type\":\"ReadAction\",\"target\":[\"https:\/\/be-enlighten.com\/termos-de-uso-2\/\"]}]},{\"@type\":\"BreadcrumbList\",\"@id\":\"https:\/\/be-enlighten.com\/termos-de-uso-2\/#breadcrumb\",\"itemListElement\":[{\"@type\":\"ListItem\",\"position\":1,\"name\":\"Home\",\"item\":\"https:\/\/be-enlighten.com\/\"},{\"@type\":\"ListItem\",\"position\":2,\"name\":\"Termos de uso\"}]},{\"@type\":\"WebSite\",\"@id\":\"https:\/\/be-enlighten.com\/#website\",\"url\":\"https:\/\/be-enlighten.com\/\",\"name\":\"Enlighten\",\"description\":\"\",\"publisher\":{\"@id\":\"https:\/\/be-enlighten.com\/#organization\"},\"potentialAction\":[{\"@type\":\"SearchAction\",\"target\":{\"@type\":\"EntryPoint\",\"urlTemplate\":\"https:\/\/be-enlighten.com\/?s={search_term_string}\"},\"query-input\":{\"@type\":\"PropertyValueSpecification\",\"valueRequired\":true,\"valueName\":\"search_term_string\"}}],\"inLanguage\":\"en-US\"},{\"@type\":\"Organization\",\"@id\":\"https:\/\/be-enlighten.com\/#organization\",\"name\":\"Enlighten\",\"url\":\"https:\/\/be-enlighten.com\/\",\"logo\":{\"@type\":\"ImageObject\",\"inLanguage\":\"en-US\",\"@id\":\"https:\/\/be-enlighten.com\/#\/schema\/logo\/image\/\",\"url\":\"https:\/\/be-enlighten.com\/wp-content\/uploads\/2026\/01\/logo-2-1.png\",\"contentUrl\":\"https:\/\/be-enlighten.com\/wp-content\/uploads\/2026\/01\/logo-2-1.png\",\"width\":382,\"height\":106,\"caption\":\"Enlighten\"},\"image\":{\"@id\":\"https:\/\/be-enlighten.com\/#\/schema\/logo\/image\/\"}}]}<\/script>\n<!-- \/ Yoast SEO plugin. -->","yoast_head_json":{"title":"Termos de uso - Enlighten","robots":{"index":"index","follow":"follow","max-snippet":"max-snippet:-1","max-image-preview":"max-image-preview:large","max-video-preview":"max-video-preview:-1"},"canonical":"https:\/\/be-enlighten.com\/en\/termos-de-uso-2\/","og_locale":"en_US","og_type":"article","og_title":"Termos de uso - Enlighten","og_description":"Termos de uso Estes Termos de Uso regem o acesso e uso dos servi\u00e7os fornecidos pela Enlighten. Ao utilizar nossos servi\u00e7os, voc\u00ea concorda em cumprir e estar vinculado a estes termos. Se voc\u00ea n\u00e3o concordar com algum dos termos, n\u00e3o utilize nossos servi\u00e7os. Aceita\u00e7\u00e3o dos Termos Ao acessar ou usar nossos servi\u00e7os, voc\u00ea concorda em [&hellip;]","og_url":"https:\/\/be-enlighten.com\/en\/termos-de-uso-2\/","og_site_name":"Enlighten","article_modified_time":"2026-02-02T19:59:04+00:00","twitter_card":"summary_large_image","twitter_misc":{"Est. reading time":"2 minutes"},"schema":{"@context":"https:\/\/schema.org","@graph":[{"@type":"WebPage","@id":"https:\/\/be-enlighten.com\/termos-de-uso-2\/","url":"https:\/\/be-enlighten.com\/termos-de-uso-2\/","name":"Termos de uso - Enlighten","isPartOf":{"@id":"https:\/\/be-enlighten.com\/#website"},"datePublished":"2026-01-20T20:27:25+00:00","dateModified":"2026-02-02T19:59:04+00:00","breadcrumb":{"@id":"https:\/\/be-enlighten.com\/termos-de-uso-2\/#breadcrumb"},"inLanguage":"en-US","potentialAction":[{"@type":"ReadAction","target":["https:\/\/be-enlighten.com\/termos-de-uso-2\/"]}]},{"@type":"BreadcrumbList","@id":"https:\/\/be-enlighten.com\/termos-de-uso-2\/#breadcrumb","itemListElement":[{"@type":"ListItem","position":1,"name":"Home","item":"https:\/\/be-enlighten.com\/"},{"@type":"ListItem","position":2,"name":"Termos de uso"}]},{"@type":"WebSite","@id":"https:\/\/be-enlighten.com\/#website","url":"https:\/\/be-enlighten.com\/","name":"Enlighten","description":"","publisher":{"@id":"https:\/\/be-enlighten.com\/#organization"},"potentialAction":[{"@type":"SearchAction","target":{"@type":"EntryPoint","urlTemplate":"https:\/\/be-enlighten.com\/?s={search_term_string}"},"query-input":{"@type":"PropertyValueSpecification","valueRequired":true,"valueName":"search_term_string"}}],"inLanguage":"en-US"},{"@type":"Organization","@id":"https:\/\/be-enlighten.com\/#organization","name":"Enlighten","url":"https:\/\/be-enlighten.com\/","logo":{"@type":"ImageObject","inLanguage":"en-US","@id":"https:\/\/be-enlighten.com\/#\/schema\/logo\/image\/","url":"https:\/\/be-enlighten.com\/wp-content\/uploads\/2026\/01\/logo-2-1.png","contentUrl":"https:\/\/be-enlighten.com\/wp-content\/uploads\/2026\/01\/logo-2-1.png","width":382,"height":106,"caption":"Enlighten"},"image":{"@id":"https:\/\/be-enlighten.com\/#\/schema\/logo\/image\/"}}]}},"_links":{"self":[{"href":"https:\/\/be-enlighten.com\/en\/wp-json\/wp\/v2\/pages\/5408","targetHints":{"allow":["GET"]}}],"collection":[{"href":"https:\/\/be-enlighten.com\/en\/wp-json\/wp\/v2\/pages"}],"about":[{"href":"https:\/\/be-enlighten.com\/en\/wp-json\/wp\/v2\/types\/page"}],"author":[{"embeddable":true,"href":"https:\/\/be-enlighten.com\/en\/wp-json\/wp\/v2\/users\/7"}],"replies":[{"embeddable":true,"href":"https:\/\/be-enlighten.com\/en\/wp-json\/wp\/v2\/comments?post=5408"}],"version-history":[{"count":110,"href":"https:\/\/be-enlighten.com\/en\/wp-json\/wp\/v2\/pages\/5408\/revisions"}],"predecessor-version":[{"id":7818,"href":"https:\/\/be-enlighten.com\/en\/wp-json\/wp\/v2\/pages\/5408\/revisions\/7818"}],"wp:attachment":[{"href":"https:\/\/be-enlighten.com\/en\/wp-json\/wp\/v2\/media?parent=5408"}],"curies":[{"name":"wp","href":"https:\/\/api.w.org\/{rel}","templated":true}]}}