{"id":5443,"date":"2026-01-20T18:10:50","date_gmt":"2026-01-20T21:10:50","guid":{"rendered":"https:\/\/be-enlighten.com\/?page_id=5443"},"modified":"2026-03-29T21:51:32","modified_gmt":"2026-03-30T00:51:32","slug":"contato","status":"publish","type":"page","link":"https:\/\/be-enlighten.com\/en\/contato\/","title":{"rendered":"Contact"},"content":{"rendered":"\t\t<div data-elementor-type=\"wp-page\" data-elementor-id=\"5443\" class=\"elementor elementor-5443\" data-elementor-post-type=\"page\">\n\t\t\t\t<div class=\"elementor-element elementor-element-9b6a6c5 e-con-full e-flex e-con e-parent\" data-id=\"9b6a6c5\" data-element_type=\"container\" data-e-type=\"container\" data-settings=\"{&quot;background_background&quot;:&quot;classic&quot;,&quot;background_motion_fx_motion_fx_scrolling&quot;:&quot;yes&quot;,&quot;background_motion_fx_translateY_effect&quot;:&quot;yes&quot;,&quot;background_motion_fx_translateY_speed&quot;:{&quot;unit&quot;:&quot;px&quot;,&quot;size&quot;:4,&quot;sizes&quot;:[]},&quot;background_motion_fx_translateY_affectedRange&quot;:{&quot;unit&quot;:&quot;%&quot;,&quot;size&quot;:&quot;&quot;,&quot;sizes&quot;:{&quot;start&quot;:0,&quot;end&quot;:100}},&quot;background_motion_fx_devices&quot;:[&quot;desktop&quot;,&quot;tablet&quot;,&quot;mobile&quot;]}\">\n\t\t<div class=\"elementor-element elementor-element-c8d91ba e-flex e-con-boxed e-con e-child\" data-id=\"c8d91ba\" data-element_type=\"container\" data-e-type=\"container\" data-settings=\"{&quot;background_background&quot;:&quot;classic&quot;}\">\n\t\t\t\t\t<div class=\"e-con-inner\">\n\t\t<div class=\"elementor-element elementor-element-8c80bb3 e-con-full e-flex e-con e-child\" data-id=\"8c80bb3\" data-element_type=\"container\" data-e-type=\"container\" data-settings=\"{&quot;background_background&quot;:&quot;classic&quot;}\">\n\t\t\t\t<div class=\"elementor-element elementor-element-71812ab elementor-widget__width-initial elementor-widget elementor-widget-heading\" data-id=\"71812ab\" data-element_type=\"widget\" data-e-type=\"widget\" data-widget_type=\"heading.default\">\n\t\t\t\t\t<h1 class=\"elementor-heading-title elementor-size-default\">Entre em contato e transforme desafios em solu\u00e7\u00f5es concretas.<\/h1>\t\t\t\t<\/div>\n\t\t\t\t<div class=\"elementor-element elementor-element-aa5eb07 elementor-widget__width-initial elementor-widget-mobile__width-initial elementor-widget elementor-widget-text-editor\" data-id=\"aa5eb07\" data-element_type=\"widget\" data-e-type=\"widget\" data-widget_type=\"text-editor.default\">\n\t\t\t\t\t\t\t\t\t<p>Nossos especialistas est\u00e3o prontos para apresentar solu\u00e7\u00f5es estrat\u00e9gicas e personalizadas para sua opera\u00e7\u00e3o.<\/p>\t\t\t\t\t\t\t\t<\/div>\n\t\t\t\t<\/div>\n\t\t<div class=\"elementor-element elementor-element-72dbdb8 e-con-full e-flex e-con e-child\" data-id=\"72dbdb8\" data-element_type=\"container\" data-e-type=\"container\" data-settings=\"{&quot;background_background&quot;:&quot;classic&quot;}\">\n\t\t<div class=\"elementor-element elementor-element-bc23c6c e-con-full e-flex e-con e-child\" data-id=\"bc23c6c\" data-element_type=\"container\" data-e-type=\"container\" data-settings=\"{&quot;background_background&quot;:&quot;classic&quot;}\">\n\t\t\t\t<div class=\"elementor-element elementor-element-6ffaf18 elementor-widget__width-initial elementor-widget elementor-widget-hubspot-form\" data-id=\"6ffaf18\" data-element_type=\"widget\" data-e-type=\"widget\" data-no-translation=\"\" data-widget_type=\"hubspot-form.default\">\n\t\t\t\t<div class=\"elementor-widget-container\">\n\t\t\t\t\t<style>.elementor-element-6ffaf18{display:none !important}<\/style>\t\t\t\t<\/div>\n\t\t\t\t<\/div>\n\t\t\t\t<div class=\"elementor-element elementor-element-d55052e elementor-widget__width-initial elementor-widget elementor-widget-hubspot-form\" data-id=\"d55052e\" data-element_type=\"widget\" data-e-type=\"widget\" data-no-translation=\"\" data-widget_type=\"hubspot-form.default\">\n\t\t\t\t<div class=\"elementor-widget-container\">\n\t\t\t\t\t\n\t\t\t\t\t\t<script>\n\t\t\t\t\t\t\twindow.hsFormsOnReady = window.hsFormsOnReady || [];\n\t\t\t\t\t\t\twindow.hsFormsOnReady.push(()=>{\n\t\t\t\t\t\t\t\thbspt.forms.create({\n\t\t\t\t\t\t\t\t\tportalId: 39795034,\n\t\t\t\t\t\t\t\t\tformId: \"61635e20-f0a9-4e2e-a064-b3935cc12426\",\n\t\t\t\t\t\t\t\t\ttarget: \"#hbspt-form-1775399400000-4943735713\",\n\t\t\t\t\t\t\t\t\tregion: \"na1\",\n\t\t\t\t\t\t\t\t\t\n\t\t\t\t\t\t\t})});\n\t\t\t\t\t\t<\/script>\n\t\t\t\t\t\t<div class=\"hbspt-form\" id=\"hbspt-form-1775399400000-4943735713\"><\/div>\t\t\t\t<\/div>\n\t\t\t\t<\/div>\n\t\t\t\t<\/div>\n\t\t\t\t<\/div>\n\t\t\t\t\t<\/div>\n\t\t\t\t<\/div>\n\t\t\t\t<\/div>\n\t\t<div class=\"elementor-element elementor-element-21dc4ac e-flex e-con-boxed e-con e-parent\" data-id=\"21dc4ac\" data-element_type=\"container\" data-e-type=\"container\" data-settings=\"{&quot;background_background&quot;:&quot;classic&quot;}\">\n\t\t\t\t\t<div class=\"e-con-inner\">\n\t\t<div class=\"elementor-element elementor-element-8e00a89 e-con-full e-flex e-con e-child\" data-id=\"8e00a89\" data-element_type=\"container\" data-e-type=\"container\">\n\t\t<div class=\"elementor-element elementor-element-2397931 e-con-full e-flex e-con e-child\" data-id=\"2397931\" data-element_type=\"container\" data-e-type=\"container\">\n\t\t<div class=\"elementor-element elementor-element-4c33d3b e-con-full e-flex e-con e-child\" data-id=\"4c33d3b\" data-element_type=\"container\" data-e-type=\"container\">\n\t\t\t\t<div class=\"elementor-element elementor-element-15a8c37 elementor-widget__width-initial elementor-widget elementor-widget-heading\" data-id=\"15a8c37\" data-element_type=\"widget\" data-e-type=\"widget\" data-widget_type=\"heading.default\">\n\t\t\t\t\t<h2 class=\"elementor-heading-title elementor-size-default\">Solu\u00e7\u00f5es inteligentes. Resultados concretos.<\/h2>\t\t\t\t<\/div>\n\t\t\t\t<div class=\"elementor-element elementor-element-6b78e5b elementor-widget__width-initial elementor-widget elementor-widget-text-editor\" data-id=\"6b78e5b\" data-element_type=\"widget\" data-e-type=\"widget\" data-widget_type=\"text-editor.default\">\n\t\t\t\t\t\t\t\t\t<p><span data-teams=\"true\">Nossas solu\u00e7\u00f5es combinam tecnologia e expertise para gerar resultados reais.<\/span><\/p>\t\t\t\t\t\t\t\t<\/div>\n\t\t\t\t<\/div>\n\t\t<div class=\"elementor-element elementor-element-6bff712 e-grid e-con-full e-con e-child\" data-id=\"6bff712\" data-element_type=\"container\" data-e-type=\"container\">\n\t\t<div class=\"elementor-element elementor-element-4f867c9 e-con-full e-flex e-con e-child\" data-id=\"4f867c9\" data-element_type=\"container\" data-e-type=\"container\" data-settings=\"{&quot;background_background&quot;:&quot;classic&quot;}\">\n\t\t\t\t<div class=\"elementor-element elementor-element-725e919 elementor-widget-mobile__width-inherit elementor-view-default elementor-widget elementor-widget-icon\" data-id=\"725e919\" data-element_type=\"widget\" data-e-type=\"widget\" data-widget_type=\"icon.default\">\n\t\t\t\t\t\t\t<div class=\"elementor-icon-wrapper\">\n\t\t\t<div class=\"elementor-icon\">\n\t\t\t<svg aria-hidden=\"true\" class=\"e-font-icon-svg e-fas-chess-king\" viewBox=\"0 0 448 512\" xmlns=\"http:\/\/www.w3.org\/2000\/svg\"><path d=\"M400 448H48a16 16 0 0 0-16 16v32a16 16 0 0 0 16 16h352a16 16 0 0 0 16-16v-32a16 16 0 0 0-16-16zm16-288H256v-48h40a8 8 0 0 0 8-8V56a8 8 0 0 0-8-8h-40V8a8 8 0 0 0-8-8h-48a8 8 0 0 0-8 8v40h-40a8 8 0 0 0-8 8v48a8 8 0 0 0 8 8h40v48H32a32 32 0 0 0-30.52 41.54L74.56 416h298.88l73.08-214.46A32 32 0 0 0 416 160z\"><\/path><\/svg>\t\t\t<\/div>\n\t\t<\/div>\n\t\t\t\t\t\t<\/div>\n\t\t<div class=\"elementor-element elementor-element-fdc4aba e-con-full e-flex e-con e-child\" data-id=\"fdc4aba\" data-element_type=\"container\" data-e-type=\"container\">\n\t\t\t\t<div class=\"elementor-element elementor-element-ea64560 elementor-widget elementor-widget-heading\" data-id=\"ea64560\" data-element_type=\"widget\" data-e-type=\"widget\" data-widget_type=\"heading.default\">\n\t\t\t\t\t<p class=\"elementor-heading-title elementor-size-default\">ESTRAT\u00c9GIA PERSONALIZADA<\/p>\t\t\t\t<\/div>\n\t\t\t\t<div class=\"elementor-element elementor-element-ee0129e elementor-widget__width-inherit elementor-widget elementor-widget-heading\" data-id=\"ee0129e\" data-element_type=\"widget\" data-e-type=\"widget\" data-widget_type=\"heading.default\">\n\t\t\t\t\t<p class=\"elementor-heading-title elementor-size-default\">O caminho certo para o seu neg\u00f3cio.<\/p>\t\t\t\t<\/div>\n\t\t\t\t<\/div>\n\t\t\t\t<\/div>\n\t\t<div class=\"elementor-element elementor-element-3690439 e-con-full e-flex e-con e-child\" data-id=\"3690439\" data-element_type=\"container\" data-e-type=\"container\" data-settings=\"{&quot;background_background&quot;:&quot;classic&quot;}\">\n\t\t\t\t<div class=\"elementor-element elementor-element-adad447 elementor-widget-mobile__width-inherit elementor-view-default elementor-widget elementor-widget-icon\" data-id=\"adad447\" data-element_type=\"widget\" data-e-type=\"widget\" data-widget_type=\"icon.default\">\n\t\t\t\t\t\t\t<div class=\"elementor-icon-wrapper\">\n\t\t\t<div class=\"elementor-icon\">\n\t\t\t<svg aria-hidden=\"true\" class=\"e-font-icon-svg e-far-chart-bar\" viewBox=\"0 0 512 512\" xmlns=\"http:\/\/www.w3.org\/2000\/svg\"><path d=\"M396.8 352h22.4c6.4 0 12.8-6.4 12.8-12.8V108.8c0-6.4-6.4-12.8-12.8-12.8h-22.4c-6.4 0-12.8 6.4-12.8 12.8v230.4c0 6.4 6.4 12.8 12.8 12.8zm-192 0h22.4c6.4 0 12.8-6.4 12.8-12.8V140.8c0-6.4-6.4-12.8-12.8-12.8h-22.4c-6.4 0-12.8 6.4-12.8 12.8v198.4c0 6.4 6.4 12.8 12.8 12.8zm96 0h22.4c6.4 0 12.8-6.4 12.8-12.8V204.8c0-6.4-6.4-12.8-12.8-12.8h-22.4c-6.4 0-12.8 6.4-12.8 12.8v134.4c0 6.4 6.4 12.8 12.8 12.8zM496 400H48V80c0-8.84-7.16-16-16-16H16C7.16 64 0 71.16 0 80v336c0 17.67 14.33 32 32 32h464c8.84 0 16-7.16 16-16v-16c0-8.84-7.16-16-16-16zm-387.2-48h22.4c6.4 0 12.8-6.4 12.8-12.8v-70.4c0-6.4-6.4-12.8-12.8-12.8h-22.4c-6.4 0-12.8 6.4-12.8 12.8v70.4c0 6.4 6.4 12.8 12.8 12.8z\"><\/path><\/svg>\t\t\t<\/div>\n\t\t<\/div>\n\t\t\t\t\t\t<\/div>\n\t\t<div class=\"elementor-element elementor-element-bde509f e-con-full e-flex e-con e-child\" data-id=\"bde509f\" data-element_type=\"container\" data-e-type=\"container\">\n\t\t\t\t<div class=\"elementor-element elementor-element-7bdb1ca elementor-widget elementor-widget-heading\" data-id=\"7bdb1ca\" data-element_type=\"widget\" data-e-type=\"widget\" data-widget_type=\"heading.default\">\n\t\t\t\t\t<h3 class=\"elementor-heading-title elementor-size-default\">EXECU\u00c7\u00c3O CONFI\u00c1VEL<\/h3>\t\t\t\t<\/div>\n\t\t\t\t<div class=\"elementor-element elementor-element-255af7c elementor-widget__width-inherit elementor-widget elementor-widget-heading\" data-id=\"255af7c\" data-element_type=\"widget\" data-e-type=\"widget\" data-widget_type=\"heading.default\">\n\t\t\t\t\t<p class=\"elementor-heading-title elementor-size-default\">Entregamos resultados claros e consistentes.<\/p>\t\t\t\t<\/div>\n\t\t\t\t<\/div>\n\t\t\t\t<\/div>\n\t\t<div class=\"elementor-element elementor-element-98b0645 e-con-full e-flex e-con e-child\" data-id=\"98b0645\" data-element_type=\"container\" data-e-type=\"container\" data-settings=\"{&quot;background_background&quot;:&quot;classic&quot;}\">\n\t\t\t\t<div class=\"elementor-element elementor-element-9929945 elementor-widget-mobile__width-inherit elementor-view-default elementor-widget elementor-widget-icon\" data-id=\"9929945\" data-element_type=\"widget\" data-e-type=\"widget\" data-widget_type=\"icon.default\">\n\t\t\t\t\t\t\t<div class=\"elementor-icon-wrapper\">\n\t\t\t<div class=\"elementor-icon\">\n\t\t\t<svg aria-hidden=\"true\" class=\"e-font-icon-svg e-fas-dollar-sign\" viewBox=\"0 0 288 512\" xmlns=\"http:\/\/www.w3.org\/2000\/svg\"><path d=\"M209.2 233.4l-108-31.6C88.7 198.2 80 186.5 80 173.5c0-16.3 13.2-29.5 29.5-29.5h66.3c12.2 0 24.2 3.7 34.2 10.5 6.1 4.1 14.3 3.1 19.5-2l34.8-34c7.1-6.9 6.1-18.4-1.8-24.5C238 74.8 207.4 64.1 176 64V16c0-8.8-7.2-16-16-16h-32c-8.8 0-16 7.2-16 16v48h-2.5C45.8 64-5.4 118.7.5 183.6c4.2 46.1 39.4 83.6 83.8 96.6l102.5 30c12.5 3.7 21.2 15.3 21.2 28.3 0 16.3-13.2 29.5-29.5 29.5h-66.3C100 368 88 364.3 78 357.5c-6.1-4.1-14.3-3.1-19.5 2l-34.8 34c-7.1 6.9-6.1 18.4 1.8 24.5 24.5 19.2 55.1 29.9 86.5 30v48c0 8.8 7.2 16 16 16h32c8.8 0 16-7.2 16-16v-48.2c46.6-.9 90.3-28.6 105.7-72.7 21.5-61.6-14.6-124.8-72.5-141.7z\"><\/path><\/svg>\t\t\t<\/div>\n\t\t<\/div>\n\t\t\t\t\t\t<\/div>\n\t\t<div class=\"elementor-element elementor-element-f02b1c1 e-con-full e-flex e-con e-child\" data-id=\"f02b1c1\" data-element_type=\"container\" data-e-type=\"container\">\n\t\t\t\t<div class=\"elementor-element elementor-element-96fe5ce elementor-widget elementor-widget-heading\" data-id=\"96fe5ce\" data-element_type=\"widget\" data-e-type=\"widget\" data-widget_type=\"heading.default\">\n\t\t\t\t\t<h3 class=\"elementor-heading-title elementor-size-default\">TECNOLOGIA QUE POTENCIALIZA<\/h3>\t\t\t\t<\/div>\n\t\t\t\t<div class=\"elementor-element elementor-element-54cad84 elementor-widget__width-inherit elementor-widget elementor-widget-heading\" data-id=\"54cad84\" data-element_type=\"widget\" data-e-type=\"widget\" data-widget_type=\"heading.default\">\n\t\t\t\t\t<p class=\"elementor-heading-title elementor-size-default\">Solu\u00e7\u00f5es adaptadas \u00e0 sua opera\u00e7\u00e3o.<\/p>\t\t\t\t<\/div>\n\t\t\t\t<\/div>\n\t\t\t\t<\/div>\n\t\t\t\t<\/div>\n\t\t\t\t<\/div>\n\t\t\t\t<\/div>\n\t\t\t\t\t<\/div>\n\t\t\t\t<\/div>\n\t\t\t\t<\/div>\n\t\t","protected":false},"excerpt":{"rendered":"<p>Entre em contato e transforme desafios em solu\u00e7\u00f5es concretas. Nossos especialistas est\u00e3o prontos para apresentar solu\u00e7\u00f5es estrat\u00e9gicas e personalizadas para sua opera\u00e7\u00e3o. Solu\u00e7\u00f5es inteligentes. Resultados concretos. Nossas solu\u00e7\u00f5es combinam tecnologia e expertise para gerar resultados reais. ESTRAT\u00c9GIA PERSONALIZADA O caminho certo para o seu neg\u00f3cio. EXECU\u00c7\u00c3O CONFI\u00c1VEL Entregamos resultados claros e consistentes. TECNOLOGIA QUE POTENCIALIZA [&hellip;]<\/p>\n","protected":false},"author":7,"featured_media":0,"parent":0,"menu_order":0,"comment_status":"closed","ping_status":"closed","template":"elementor_header_footer","meta":{"content-type":"","footnotes":""},"class_list":["post-5443","page","type-page","status-publish","hentry"],"yoast_head":"<!-- This site is optimized with the Yoast SEO plugin v27.1.1 - https:\/\/yoast.com\/product\/yoast-seo-wordpress\/ -->\n<title>Contato - Enlighten<\/title>\n<meta name=\"robots\" content=\"index, follow, max-snippet:-1, max-image-preview:large, max-video-preview:-1\" \/>\n<link rel=\"canonical\" href=\"https:\/\/be-enlighten.com\/en\/contato\/\" \/>\n<meta property=\"og:locale\" content=\"en_US\" \/>\n<meta property=\"og:type\" content=\"article\" \/>\n<meta property=\"og:title\" content=\"Contato - Enlighten\" \/>\n<meta property=\"og:description\" content=\"Entre em contato e transforme desafios em solu\u00e7\u00f5es concretas. Nossos especialistas est\u00e3o prontos para apresentar solu\u00e7\u00f5es estrat\u00e9gicas e personalizadas para sua opera\u00e7\u00e3o. Solu\u00e7\u00f5es inteligentes. Resultados concretos. Nossas solu\u00e7\u00f5es combinam tecnologia e expertise para gerar resultados reais. ESTRAT\u00c9GIA PERSONALIZADA O caminho certo para o seu neg\u00f3cio. EXECU\u00c7\u00c3O CONFI\u00c1VEL Entregamos resultados claros e consistentes. TECNOLOGIA QUE POTENCIALIZA [&hellip;]\" \/>\n<meta property=\"og:url\" content=\"https:\/\/be-enlighten.com\/en\/contato\/\" \/>\n<meta property=\"og:site_name\" content=\"Enlighten\" \/>\n<meta property=\"article:modified_time\" content=\"2026-03-30T00:51:32+00:00\" \/>\n<meta name=\"twitter:card\" content=\"summary_large_image\" \/>\n<script type=\"application\/ld+json\" class=\"yoast-schema-graph\">{\"@context\":\"https:\/\/schema.org\",\"@graph\":[{\"@type\":\"WebPage\",\"@id\":\"https:\/\/be-enlighten.com\/contato\/\",\"url\":\"https:\/\/be-enlighten.com\/contato\/\",\"name\":\"Contato - Enlighten\",\"isPartOf\":{\"@id\":\"https:\/\/be-enlighten.com\/#website\"},\"datePublished\":\"2026-01-20T21:10:50+00:00\",\"dateModified\":\"2026-03-30T00:51:32+00:00\",\"breadcrumb\":{\"@id\":\"https:\/\/be-enlighten.com\/contato\/#breadcrumb\"},\"inLanguage\":\"en-US\",\"potentialAction\":[{\"@type\":\"ReadAction\",\"target\":[\"https:\/\/be-enlighten.com\/contato\/\"]}]},{\"@type\":\"BreadcrumbList\",\"@id\":\"https:\/\/be-enlighten.com\/contato\/#breadcrumb\",\"itemListElement\":[{\"@type\":\"ListItem\",\"position\":1,\"name\":\"Home\",\"item\":\"https:\/\/be-enlighten.com\/\"},{\"@type\":\"ListItem\",\"position\":2,\"name\":\"Contato\"}]},{\"@type\":\"WebSite\",\"@id\":\"https:\/\/be-enlighten.com\/#website\",\"url\":\"https:\/\/be-enlighten.com\/\",\"name\":\"Enlighten\",\"description\":\"\",\"publisher\":{\"@id\":\"https:\/\/be-enlighten.com\/#organization\"},\"potentialAction\":[{\"@type\":\"SearchAction\",\"target\":{\"@type\":\"EntryPoint\",\"urlTemplate\":\"https:\/\/be-enlighten.com\/?s={search_term_string}\"},\"query-input\":{\"@type\":\"PropertyValueSpecification\",\"valueRequired\":true,\"valueName\":\"search_term_string\"}}],\"inLanguage\":\"en-US\"},{\"@type\":\"Organization\",\"@id\":\"https:\/\/be-enlighten.com\/#organization\",\"name\":\"Enlighten\",\"url\":\"https:\/\/be-enlighten.com\/\",\"logo\":{\"@type\":\"ImageObject\",\"inLanguage\":\"en-US\",\"@id\":\"https:\/\/be-enlighten.com\/#\/schema\/logo\/image\/\",\"url\":\"https:\/\/be-enlighten.com\/wp-content\/uploads\/2026\/01\/logo-2-1.png\",\"contentUrl\":\"https:\/\/be-enlighten.com\/wp-content\/uploads\/2026\/01\/logo-2-1.png\",\"width\":382,\"height\":106,\"caption\":\"Enlighten\"},\"image\":{\"@id\":\"https:\/\/be-enlighten.com\/#\/schema\/logo\/image\/\"}}]}<\/script>\n<!-- \/ Yoast SEO plugin. -->","yoast_head_json":{"title":"Contato - Enlighten","robots":{"index":"index","follow":"follow","max-snippet":"max-snippet:-1","max-image-preview":"max-image-preview:large","max-video-preview":"max-video-preview:-1"},"canonical":"https:\/\/be-enlighten.com\/en\/contato\/","og_locale":"en_US","og_type":"article","og_title":"Contato - Enlighten","og_description":"Entre em contato e transforme desafios em solu\u00e7\u00f5es concretas. Nossos especialistas est\u00e3o prontos para apresentar solu\u00e7\u00f5es estrat\u00e9gicas e personalizadas para sua opera\u00e7\u00e3o. Solu\u00e7\u00f5es inteligentes. Resultados concretos. Nossas solu\u00e7\u00f5es combinam tecnologia e expertise para gerar resultados reais. ESTRAT\u00c9GIA PERSONALIZADA O caminho certo para o seu neg\u00f3cio. EXECU\u00c7\u00c3O CONFI\u00c1VEL Entregamos resultados claros e consistentes. TECNOLOGIA QUE POTENCIALIZA [&hellip;]","og_url":"https:\/\/be-enlighten.com\/en\/contato\/","og_site_name":"Enlighten","article_modified_time":"2026-03-30T00:51:32+00:00","twitter_card":"summary_large_image","schema":{"@context":"https:\/\/schema.org","@graph":[{"@type":"WebPage","@id":"https:\/\/be-enlighten.com\/contato\/","url":"https:\/\/be-enlighten.com\/contato\/","name":"Contato - Enlighten","isPartOf":{"@id":"https:\/\/be-enlighten.com\/#website"},"datePublished":"2026-01-20T21:10:50+00:00","dateModified":"2026-03-30T00:51:32+00:00","breadcrumb":{"@id":"https:\/\/be-enlighten.com\/contato\/#breadcrumb"},"inLanguage":"en-US","potentialAction":[{"@type":"ReadAction","target":["https:\/\/be-enlighten.com\/contato\/"]}]},{"@type":"BreadcrumbList","@id":"https:\/\/be-enlighten.com\/contato\/#breadcrumb","itemListElement":[{"@type":"ListItem","position":1,"name":"Home","item":"https:\/\/be-enlighten.com\/"},{"@type":"ListItem","position":2,"name":"Contato"}]},{"@type":"WebSite","@id":"https:\/\/be-enlighten.com\/#website","url":"https:\/\/be-enlighten.com\/","name":"Enlighten","description":"","publisher":{"@id":"https:\/\/be-enlighten.com\/#organization"},"potentialAction":[{"@type":"SearchAction","target":{"@type":"EntryPoint","urlTemplate":"https:\/\/be-enlighten.com\/?s={search_term_string}"},"query-input":{"@type":"PropertyValueSpecification","valueRequired":true,"valueName":"search_term_string"}}],"inLanguage":"en-US"},{"@type":"Organization","@id":"https:\/\/be-enlighten.com\/#organization","name":"Enlighten","url":"https:\/\/be-enlighten.com\/","logo":{"@type":"ImageObject","inLanguage":"en-US","@id":"https:\/\/be-enlighten.com\/#\/schema\/logo\/image\/","url":"https:\/\/be-enlighten.com\/wp-content\/uploads\/2026\/01\/logo-2-1.png","contentUrl":"https:\/\/be-enlighten.com\/wp-content\/uploads\/2026\/01\/logo-2-1.png","width":382,"height":106,"caption":"Enlighten"},"image":{"@id":"https:\/\/be-enlighten.com\/#\/schema\/logo\/image\/"}}]}},"_links":{"self":[{"href":"https:\/\/be-enlighten.com\/en\/wp-json\/wp\/v2\/pages\/5443","targetHints":{"allow":["GET"]}}],"collection":[{"href":"https:\/\/be-enlighten.com\/en\/wp-json\/wp\/v2\/pages"}],"about":[{"href":"https:\/\/be-enlighten.com\/en\/wp-json\/wp\/v2\/types\/page"}],"author":[{"embeddable":true,"href":"https:\/\/be-enlighten.com\/en\/wp-json\/wp\/v2\/users\/7"}],"replies":[{"embeddable":true,"href":"https:\/\/be-enlighten.com\/en\/wp-json\/wp\/v2\/comments?post=5443"}],"version-history":[{"count":121,"href":"https:\/\/be-enlighten.com\/en\/wp-json\/wp\/v2\/pages\/5443\/revisions"}],"predecessor-version":[{"id":8005,"href":"https:\/\/be-enlighten.com\/en\/wp-json\/wp\/v2\/pages\/5443\/revisions\/8005"}],"wp:attachment":[{"href":"https:\/\/be-enlighten.com\/en\/wp-json\/wp\/v2\/media?parent=5443"}],"curies":[{"name":"wp","href":"https:\/\/api.w.org\/{rel}","templated":true}]}}