{"id":5432,"date":"2026-01-20T17:37:05","date_gmt":"2026-01-20T20:37:05","guid":{"rendered":"https:\/\/be-enlighten.com\/?page_id=5432"},"modified":"2026-02-02T16:56:24","modified_gmt":"2026-02-02T19:56:24","slug":"cookies-2","status":"publish","type":"page","link":"https:\/\/be-enlighten.com\/pt\/cookies-2\/","title":{"rendered":"Cookies"},"content":{"rendered":"\t\t<div data-elementor-type=\"wp-page\" data-elementor-id=\"5432\" class=\"elementor elementor-5432\" data-elementor-post-type=\"page\">\n\t\t\t\t<div class=\"elementor-element elementor-element-c8c2d89 e-con-full e-flex e-con e-parent\" data-id=\"c8c2d89\" data-element_type=\"container\" data-e-type=\"container\" data-settings=\"{&quot;background_background&quot;:&quot;classic&quot;,&quot;background_motion_fx_motion_fx_scrolling&quot;:&quot;yes&quot;,&quot;background_motion_fx_translateY_effect&quot;:&quot;yes&quot;,&quot;background_motion_fx_translateY_speed&quot;:{&quot;unit&quot;:&quot;px&quot;,&quot;size&quot;:4,&quot;sizes&quot;:[]},&quot;background_motion_fx_translateY_affectedRange&quot;:{&quot;unit&quot;:&quot;%&quot;,&quot;size&quot;:&quot;&quot;,&quot;sizes&quot;:{&quot;start&quot;:0,&quot;end&quot;:100}},&quot;background_motion_fx_devices&quot;:[&quot;desktop&quot;,&quot;tablet&quot;,&quot;mobile&quot;]}\">\n\t\t<div class=\"elementor-element elementor-element-1d6320b e-flex e-con-boxed e-con e-child\" data-id=\"1d6320b\" data-element_type=\"container\" data-e-type=\"container\" data-settings=\"{&quot;background_background&quot;:&quot;classic&quot;}\">\n\t\t\t\t\t<div class=\"e-con-inner\">\n\t\t<div class=\"elementor-element elementor-element-bbcccab e-con-full e-flex e-con e-child\" data-id=\"bbcccab\" data-element_type=\"container\" data-e-type=\"container\" data-settings=\"{&quot;background_background&quot;:&quot;classic&quot;}\">\n\t\t\t\t<div class=\"elementor-element elementor-element-3e83f1b elementor-widget__width-initial elementor-widget elementor-widget-heading\" data-id=\"3e83f1b\" data-element_type=\"widget\" data-e-type=\"widget\" data-widget_type=\"heading.default\">\n\t\t\t\t\t<h1 class=\"elementor-heading-title elementor-size-default\">Cookies<\/h1>\t\t\t\t<\/div>\n\t\t\t\t<\/div>\n\t\t\t\t\t<\/div>\n\t\t\t\t<\/div>\n\t\t\t\t<\/div>\n\t\t<div class=\"elementor-element elementor-element-19010a9 e-flex e-con-boxed e-con e-parent\" data-id=\"19010a9\" data-element_type=\"container\" data-e-type=\"container\" data-settings=\"{&quot;background_background&quot;:&quot;classic&quot;}\">\n\t\t\t\t\t<div class=\"e-con-inner\">\n\t\t<div class=\"elementor-element elementor-element-3adc149 e-con-full e-flex e-con e-child\" data-id=\"3adc149\" data-element_type=\"container\" data-e-type=\"container\">\n\t\t\t\t<div class=\"elementor-element elementor-element-624b51e elementor-widget__width-inherit elementor-widget elementor-widget-text-editor\" data-id=\"624b51e\" data-element_type=\"widget\" data-e-type=\"widget\" data-widget_type=\"text-editor.default\">\n\t\t\t\t\t\t\t\t\t<p><strong>O que s\u00e3o cookies?<\/strong><\/p>\n<p>Cookies s\u00e3o pequenos arquivos de texto que s\u00e3o armazenados no seu dispositivo quando voc\u00ea visita um site. Eles ajudam a melhorar a sua experi\u00eancia de navega\u00e7\u00e3o, lembrando suas prefer\u00eancias e visitas anteriores.<\/p>\n<p><strong>Como usamos cookies?<\/strong><\/p>\n<p>Utilizamos cookies para personalizar seu conte\u00fado, analisar o tr\u00e1fego do site e melhorar a funcionalidade geral. Eles permitem que o site se lembre das suas configura\u00e7\u00f5es e prefer\u00eancias, e ajudam a oferecer um servi\u00e7o mais eficiente e personalizado.<\/p>\n<p><strong>Tipos de cookies que usamos:<\/strong><\/p>\n<ul>\n<li><strong>Cookies Essenciais:<\/strong> Necess\u00e1rios para o funcionamento b\u00e1sico do site, como manter voc\u00ea logado ou lembrar seu carrinho de compras.<\/li>\n<li><strong>Cookies de Desempenho:<\/strong> Coletam informa\u00e7\u00f5es sobre como voc\u00ea usa o site, ajudando-nos a melhorar a performance e a funcionalidade.<\/li>\n<li><strong>Cookies de Funcionalidade:<\/strong> Permitem que o site ofere\u00e7a funcionalidades adicionais e personalizadas, como lembretes de prefer\u00eancias de navega\u00e7\u00e3o.<\/li>\n<\/ul>\n<p><strong><br><\/strong><\/p><p><strong>Gerenciamento de cookies<\/strong><\/p>\n<p>Voc\u00ea pode gerenciar suas prefer\u00eancias de cookies a qualquer momento atrav\u00e9s das configura\u00e7\u00f5es do seu navegador. No entanto, desativar certos cookies pode afetar a funcionalidade do site e a sua experi\u00eancia de navega\u00e7\u00e3o.<\/p>\n<p><strong>Para mais informa\u00e7\u00f5es<\/strong><\/p>\n<p>Para mais detalhes sobre como usamos cookies e como voc\u00ea pode gerenciar suas prefer\u00eancias, consulte nossa Pol\u00edtica de Privacidade.<\/p>\t\t\t\t\t\t\t\t<\/div>\n\t\t\t\t<\/div>\n\t\t\t\t\t<\/div>\n\t\t\t\t<\/div>\n\t\t\t\t<\/div>\n\t\t","protected":false},"excerpt":{"rendered":"<p>Cookies O que s\u00e3o cookies? Cookies s\u00e3o pequenos arquivos de texto que s\u00e3o armazenados no seu dispositivo quando voc\u00ea visita um site. Eles ajudam a melhorar a sua experi\u00eancia de navega\u00e7\u00e3o, lembrando suas prefer\u00eancias e visitas anteriores. Como usamos cookies? Utilizamos cookies para personalizar seu conte\u00fado, analisar o tr\u00e1fego do site e melhorar a funcionalidade [&hellip;]<\/p>\n","protected":false},"author":7,"featured_media":0,"parent":0,"menu_order":0,"comment_status":"closed","ping_status":"closed","template":"elementor_header_footer","meta":{"content-type":"","footnotes":""},"class_list":["post-5432","page","type-page","status-publish","hentry"],"yoast_head":"<!-- This site is optimized with the Yoast SEO plugin v27.1.1 - https:\/\/yoast.com\/product\/yoast-seo-wordpress\/ -->\n<title>Cookies - Enlighten<\/title>\n<meta name=\"robots\" content=\"index, follow, max-snippet:-1, max-image-preview:large, max-video-preview:-1\" \/>\n<link rel=\"canonical\" href=\"https:\/\/be-enlighten.com\/pt\/cookies-2\/\" \/>\n<meta property=\"og:locale\" content=\"pt_BR\" \/>\n<meta property=\"og:type\" content=\"article\" \/>\n<meta property=\"og:title\" content=\"Cookies - Enlighten\" \/>\n<meta property=\"og:description\" content=\"Cookies O que s\u00e3o cookies? Cookies s\u00e3o pequenos arquivos de texto que s\u00e3o armazenados no seu dispositivo quando voc\u00ea visita um site. Eles ajudam a melhorar a sua experi\u00eancia de navega\u00e7\u00e3o, lembrando suas prefer\u00eancias e visitas anteriores. Como usamos cookies? Utilizamos cookies para personalizar seu conte\u00fado, analisar o tr\u00e1fego do site e melhorar a funcionalidade [&hellip;]\" \/>\n<meta property=\"og:url\" content=\"https:\/\/be-enlighten.com\/pt\/cookies-2\/\" \/>\n<meta property=\"og:site_name\" content=\"Enlighten\" \/>\n<meta property=\"article:modified_time\" content=\"2026-02-02T19:56:24+00:00\" \/>\n<meta name=\"twitter:card\" content=\"summary_large_image\" \/>\n<meta name=\"twitter:label1\" content=\"Est. tempo de leitura\" \/>\n\t<meta name=\"twitter:data1\" content=\"1 minuto\" \/>\n<script type=\"application\/ld+json\" class=\"yoast-schema-graph\">{\"@context\":\"https:\/\/schema.org\",\"@graph\":[{\"@type\":\"WebPage\",\"@id\":\"https:\/\/be-enlighten.com\/cookies-2\/\",\"url\":\"https:\/\/be-enlighten.com\/cookies-2\/\",\"name\":\"Cookies - Enlighten\",\"isPartOf\":{\"@id\":\"https:\/\/be-enlighten.com\/#website\"},\"datePublished\":\"2026-01-20T20:37:05+00:00\",\"dateModified\":\"2026-02-02T19:56:24+00:00\",\"breadcrumb\":{\"@id\":\"https:\/\/be-enlighten.com\/cookies-2\/#breadcrumb\"},\"inLanguage\":\"pt-BR\",\"potentialAction\":[{\"@type\":\"ReadAction\",\"target\":[\"https:\/\/be-enlighten.com\/cookies-2\/\"]}]},{\"@type\":\"BreadcrumbList\",\"@id\":\"https:\/\/be-enlighten.com\/cookies-2\/#breadcrumb\",\"itemListElement\":[{\"@type\":\"ListItem\",\"position\":1,\"name\":\"Home\",\"item\":\"https:\/\/be-enlighten.com\/\"},{\"@type\":\"ListItem\",\"position\":2,\"name\":\"Cookies\"}]},{\"@type\":\"WebSite\",\"@id\":\"https:\/\/be-enlighten.com\/#website\",\"url\":\"https:\/\/be-enlighten.com\/\",\"name\":\"Enlighten\",\"description\":\"\",\"publisher\":{\"@id\":\"https:\/\/be-enlighten.com\/#organization\"},\"potentialAction\":[{\"@type\":\"SearchAction\",\"target\":{\"@type\":\"EntryPoint\",\"urlTemplate\":\"https:\/\/be-enlighten.com\/?s={search_term_string}\"},\"query-input\":{\"@type\":\"PropertyValueSpecification\",\"valueRequired\":true,\"valueName\":\"search_term_string\"}}],\"inLanguage\":\"pt-BR\"},{\"@type\":\"Organization\",\"@id\":\"https:\/\/be-enlighten.com\/#organization\",\"name\":\"Enlighten\",\"url\":\"https:\/\/be-enlighten.com\/\",\"logo\":{\"@type\":\"ImageObject\",\"inLanguage\":\"pt-BR\",\"@id\":\"https:\/\/be-enlighten.com\/#\/schema\/logo\/image\/\",\"url\":\"https:\/\/be-enlighten.com\/wp-content\/uploads\/2026\/01\/logo-2-1.png\",\"contentUrl\":\"https:\/\/be-enlighten.com\/wp-content\/uploads\/2026\/01\/logo-2-1.png\",\"width\":382,\"height\":106,\"caption\":\"Enlighten\"},\"image\":{\"@id\":\"https:\/\/be-enlighten.com\/#\/schema\/logo\/image\/\"}}]}<\/script>\n<!-- \/ Yoast SEO plugin. -->","yoast_head_json":{"title":"Cookies - Enlighten","robots":{"index":"index","follow":"follow","max-snippet":"max-snippet:-1","max-image-preview":"max-image-preview:large","max-video-preview":"max-video-preview:-1"},"canonical":"https:\/\/be-enlighten.com\/pt\/cookies-2\/","og_locale":"pt_BR","og_type":"article","og_title":"Cookies - Enlighten","og_description":"Cookies O que s\u00e3o cookies? Cookies s\u00e3o pequenos arquivos de texto que s\u00e3o armazenados no seu dispositivo quando voc\u00ea visita um site. Eles ajudam a melhorar a sua experi\u00eancia de navega\u00e7\u00e3o, lembrando suas prefer\u00eancias e visitas anteriores. Como usamos cookies? Utilizamos cookies para personalizar seu conte\u00fado, analisar o tr\u00e1fego do site e melhorar a funcionalidade [&hellip;]","og_url":"https:\/\/be-enlighten.com\/pt\/cookies-2\/","og_site_name":"Enlighten","article_modified_time":"2026-02-02T19:56:24+00:00","twitter_card":"summary_large_image","twitter_misc":{"Est. tempo de leitura":"1 minuto"},"schema":{"@context":"https:\/\/schema.org","@graph":[{"@type":"WebPage","@id":"https:\/\/be-enlighten.com\/cookies-2\/","url":"https:\/\/be-enlighten.com\/cookies-2\/","name":"Cookies - Enlighten","isPartOf":{"@id":"https:\/\/be-enlighten.com\/#website"},"datePublished":"2026-01-20T20:37:05+00:00","dateModified":"2026-02-02T19:56:24+00:00","breadcrumb":{"@id":"https:\/\/be-enlighten.com\/cookies-2\/#breadcrumb"},"inLanguage":"pt-BR","potentialAction":[{"@type":"ReadAction","target":["https:\/\/be-enlighten.com\/cookies-2\/"]}]},{"@type":"BreadcrumbList","@id":"https:\/\/be-enlighten.com\/cookies-2\/#breadcrumb","itemListElement":[{"@type":"ListItem","position":1,"name":"Home","item":"https:\/\/be-enlighten.com\/"},{"@type":"ListItem","position":2,"name":"Cookies"}]},{"@type":"WebSite","@id":"https:\/\/be-enlighten.com\/#website","url":"https:\/\/be-enlighten.com\/","name":"Enlighten","description":"","publisher":{"@id":"https:\/\/be-enlighten.com\/#organization"},"potentialAction":[{"@type":"SearchAction","target":{"@type":"EntryPoint","urlTemplate":"https:\/\/be-enlighten.com\/?s={search_term_string}"},"query-input":{"@type":"PropertyValueSpecification","valueRequired":true,"valueName":"search_term_string"}}],"inLanguage":"pt-BR"},{"@type":"Organization","@id":"https:\/\/be-enlighten.com\/#organization","name":"Enlighten","url":"https:\/\/be-enlighten.com\/","logo":{"@type":"ImageObject","inLanguage":"pt-BR","@id":"https:\/\/be-enlighten.com\/#\/schema\/logo\/image\/","url":"https:\/\/be-enlighten.com\/wp-content\/uploads\/2026\/01\/logo-2-1.png","contentUrl":"https:\/\/be-enlighten.com\/wp-content\/uploads\/2026\/01\/logo-2-1.png","width":382,"height":106,"caption":"Enlighten"},"image":{"@id":"https:\/\/be-enlighten.com\/#\/schema\/logo\/image\/"}}]}},"_links":{"self":[{"href":"https:\/\/be-enlighten.com\/pt\/wp-json\/wp\/v2\/pages\/5432","targetHints":{"allow":["GET"]}}],"collection":[{"href":"https:\/\/be-enlighten.com\/pt\/wp-json\/wp\/v2\/pages"}],"about":[{"href":"https:\/\/be-enlighten.com\/pt\/wp-json\/wp\/v2\/types\/page"}],"author":[{"embeddable":true,"href":"https:\/\/be-enlighten.com\/pt\/wp-json\/wp\/v2\/users\/7"}],"replies":[{"embeddable":true,"href":"https:\/\/be-enlighten.com\/pt\/wp-json\/wp\/v2\/comments?post=5432"}],"version-history":[{"count":61,"href":"https:\/\/be-enlighten.com\/pt\/wp-json\/wp\/v2\/pages\/5432\/revisions"}],"predecessor-version":[{"id":7813,"href":"https:\/\/be-enlighten.com\/pt\/wp-json\/wp\/v2\/pages\/5432\/revisions\/7813"}],"wp:attachment":[{"href":"https:\/\/be-enlighten.com\/pt\/wp-json\/wp\/v2\/media?parent=5432"}],"curies":[{"name":"wp","href":"https:\/\/api.w.org\/{rel}","templated":true}]}}